{"id":1414,"date":"2023-03-10T18:56:03","date_gmt":"2023-03-10T17:56:03","guid":{"rendered":"https:\/\/frankfurter-architektouren.de\/?page_id=1414"},"modified":"2026-03-25T18:52:39","modified_gmt":"2026-03-25T17:52:39","slug":"ezb-fuehrungen","status":"publish","type":"page","link":"https:\/\/frankfurter-architektouren.de\/en\/ezb-fuehrungen\/","title":{"rendered":"Public tours in the historic Wholesale Market Hall \/ ECB"},"content":{"rendered":"<figure class=\"wp-block-image size-full is-resized\"><img loading=\"lazy\" decoding=\"async\" width=\"1200\" height=\"900\" src=\"https:\/\/frankfurter-architektouren.de\/wp-content\/uploads\/EZB-Fuehrung_Foto-Philipp-Meuser.jpg\" alt=\"\" class=\"wp-image-1412\" style=\"width:610px;height:auto\" srcset=\"https:\/\/frankfurter-architektouren.de\/wp-content\/uploads\/EZB-Fuehrung_Foto-Philipp-Meuser.jpg 1200w, https:\/\/frankfurter-architektouren.de\/wp-content\/uploads\/EZB-Fuehrung_Foto-Philipp-Meuser-300x225.jpg 300w, https:\/\/frankfurter-architektouren.de\/wp-content\/uploads\/EZB-Fuehrung_Foto-Philipp-Meuser-1024x768.jpg 1024w, https:\/\/frankfurter-architektouren.de\/wp-content\/uploads\/EZB-Fuehrung_Foto-Philipp-Meuser-768x576.jpg 768w, https:\/\/frankfurter-architektouren.de\/wp-content\/uploads\/EZB-Fuehrung_Foto-Philipp-Meuser-16x12.jpg 16w, https:\/\/frankfurter-architektouren.de\/wp-content\/uploads\/EZB-Fuehrung_Foto-Philipp-Meuser-500x375.jpg 500w, https:\/\/frankfurter-architektouren.de\/wp-content\/uploads\/EZB-Fuehrung_Foto-Philipp-Meuser-800x600.jpg 800w\" sizes=\"auto, (max-width: 1200px) 100vw, 1200px\" \/><\/figure>\n\n\n\n<div style=\"height:10px\" aria-hidden=\"true\" class=\"wp-block-spacer\"><\/div>\n\n\n\n<p>Aerial photo <a href=\"https:\/\/meuser-architekten.de\/people\">Prof. hc Dr.-Ing. Philipp Meuse<\/a>r<\/p>\n\n\n\n<p>In Zusammenarbeit mit der <a href=\"https:\/\/www.martin-elsaesser.de\/\">Martin Elsaesser Stiftung<\/a><\/p>\n\n\n\n<p><strong>Unsere Termine 2026: Freitag 8. Mai, Freitag 10. Juli, Freitag 14. August, Freitag 11. September, Freitag 9. Oktober, Freitag 13. November jeweils um 16.00 Uhr. Dauer ca. 90 Minuten, Kosten p.p. 20,- \u20ac<\/strong><\/p>\n\n\n\n<p>Registration at <strong>info@frankfurter-architektouren.de<\/strong><\/p>\n\n\n\n<p><strong>100 Years of 'Neues Frankfurt'<\/strong> \u2013 seit 2025 wird dieses Jubil\u00e4um begangen. Genau 100 Jahre her ist es auch, dass der Architekt Martin Elsaesser die Arbeit an seinem gr\u00f6\u00dften Projekt aufnahm: der Frankfurter Gro\u00dfmarkthalle.<\/p>\n\n\n\n<p>Aus Anlass dieser beiden Jubil\u00e4en bieten wir 2026 auch wieder F\u00fchrungen in der ehemaligen Gro\u00dfmarkthalle an, die sich insbesondere diesem historischen Geb\u00e4ude widmen, aber auch das \u201aNeue Frankfurt\u2018 sowie die Person Martin Elsaessers und sein Wirken in Frankfurt zum Thema haben.<\/p>\n\n\n\n<p>Of course, the history of the wholesale market hall also includes its current use as part of the European Central Bank. During our tour of the hall&#039;s ground floor, we will also inform you about the hall&#039;s transformation by the architects COOP Himmelb(l)au, the concept and architecture of the ECB&#039;s headquarters. (No, a visit to the <strong>towers<\/strong> the ECB is <strong>unfortunately not<\/strong> part of our tour.)<\/p>\n\n\n\n<p>After receiving the confirmation of participation, please transfer your participation fee no later than 2 weeks before the tour, stating the date of the tour and your name to <strong>Paul Martin Lied Architekturf\u00fchrungen<\/strong>, Konto <strong>IBAN DE77 5001 0517 6000 2578 86 <\/strong>bei der ING-Diba<\/p>\n\n\n\n<p>The group size is limited to 25 people. To register, we need your name as it appears on your ID card or passport. You must bring the relevant document with you to the tour for security checks. <strong>Anyone arriving without an ID or passport cannot take part in the tour. <\/strong>The security checks at the entrance to the ECB are the same as those at the airport.<\/p>\n\n\n\n<p>Once you have passed the inspection, you can feel very safe and look forward to gaining insights into a very special building.<\/p>","protected":false},"excerpt":{"rendered":"<p>Luftfoto Prof. h.c. Dr.-Ing. Philipp Meuser In Zusammenarbeit mit der Martin Elsaesser Stiftung Unsere Termine 2026: Freitag 8. Mai, Freitag 10. Juli, Freitag 14. August, Freitag 11. September, Freitag 9. Oktober, Freitag 13. November jeweils um 16.00 Uhr. Dauer ca. 90 Minuten, Kosten p.p. 20,- \u20ac Anmeldung unter info@frankfurter-architektouren.de 100 Jahre \u201aNeues Frankfurt\u2018 \u2013 seit [&hellip;]<\/p>\n","protected":false},"author":1,"featured_media":1413,"parent":0,"menu_order":0,"comment_status":"closed","ping_status":"closed","template":"","meta":{"site-sidebar-layout":"default","site-content-layout":"","ast-site-content-layout":"default","site-content-style":"default","site-sidebar-style":"default","ast-global-header-display":"","ast-banner-title-visibility":"","ast-main-header-display":"","ast-hfb-above-header-display":"","ast-hfb-below-header-display":"","ast-hfb-mobile-header-display":"","site-post-title":"","ast-breadcrumbs-content":"","ast-featured-img":"disabled","footer-sml-layout":"","ast-disable-related-posts":"","theme-transparent-header-meta":"","adv-header-id-meta":"","stick-header-meta":"","header-above-stick-meta":"","header-main-stick-meta":"","header-below-stick-meta":"","astra-migrate-meta-layouts":"set","ast-page-background-enabled":"default","ast-page-background-meta":{"desktop":{"background-color":"","background-image":"","background-repeat":"repeat","background-position":"center center","background-size":"auto","background-attachment":"scroll","background-type":"","background-media":"","overlay-type":"","overlay-color":"","overlay-opacity":"","overlay-gradient":""},"tablet":{"background-color":"","background-image":"","background-repeat":"repeat","background-position":"center center","background-size":"auto","background-attachment":"scroll","background-type":"","background-media":"","overlay-type":"","overlay-color":"","overlay-opacity":"","overlay-gradient":""},"mobile":{"background-color":"","background-image":"","background-repeat":"repeat","background-position":"center center","background-size":"auto","background-attachment":"scroll","background-type":"","background-media":"","overlay-type":"","overlay-color":"","overlay-opacity":"","overlay-gradient":""}},"ast-content-background-meta":{"desktop":{"background-color":"var(--ast-global-color-5)","background-image":"","background-repeat":"repeat","background-position":"center center","background-size":"auto","background-attachment":"scroll","background-type":"","background-media":"","overlay-type":"","overlay-color":"","overlay-opacity":"","overlay-gradient":""},"tablet":{"background-color":"var(--ast-global-color-5)","background-image":"","background-repeat":"repeat","background-position":"center center","background-size":"auto","background-attachment":"scroll","background-type":"","background-media":"","overlay-type":"","overlay-color":"","overlay-opacity":"","overlay-gradient":""},"mobile":{"background-color":"var(--ast-global-color-5)","background-image":"","background-repeat":"repeat","background-position":"center center","background-size":"auto","background-attachment":"scroll","background-type":"","background-media":"","overlay-type":"","overlay-color":"","overlay-opacity":"","overlay-gradient":""}},"_vp_format_video_url":"","_vp_image_focal_point":[],"footnotes":""},"class_list":["post-1414","page","type-page","status-publish","has-post-thumbnail","hentry"],"_links":{"self":[{"href":"https:\/\/frankfurter-architektouren.de\/en\/wp-json\/wp\/v2\/pages\/1414","targetHints":{"allow":["GET"]}}],"collection":[{"href":"https:\/\/frankfurter-architektouren.de\/en\/wp-json\/wp\/v2\/pages"}],"about":[{"href":"https:\/\/frankfurter-architektouren.de\/en\/wp-json\/wp\/v2\/types\/page"}],"author":[{"embeddable":true,"href":"https:\/\/frankfurter-architektouren.de\/en\/wp-json\/wp\/v2\/users\/1"}],"replies":[{"embeddable":true,"href":"https:\/\/frankfurter-architektouren.de\/en\/wp-json\/wp\/v2\/comments?post=1414"}],"version-history":[{"count":24,"href":"https:\/\/frankfurter-architektouren.de\/en\/wp-json\/wp\/v2\/pages\/1414\/revisions"}],"predecessor-version":[{"id":1767,"href":"https:\/\/frankfurter-architektouren.de\/en\/wp-json\/wp\/v2\/pages\/1414\/revisions\/1767"}],"wp:featuredmedia":[{"embeddable":true,"href":"https:\/\/frankfurter-architektouren.de\/en\/wp-json\/wp\/v2\/media\/1413"}],"wp:attachment":[{"href":"https:\/\/frankfurter-architektouren.de\/en\/wp-json\/wp\/v2\/media?parent=1414"}],"curies":[{"name":"wp","href":"https:\/\/api.w.org\/{rel}","templated":true}]}}